{"id":3,"date":"2022-06-28T09:58:31","date_gmt":"2022-06-28T07:58:31","guid":{"rendered":"http:\/\/nadiafryevents.com\/\/?page_id=3"},"modified":"2026-02-25T13:33:04","modified_gmt":"2026-02-25T11:33:04","slug":"politique-de-confidentialite","status":"publish","type":"page","link":"https:\/\/nadiafryevents.com\/fr\/privacy-policy\/","title":{"rendered":"Politique de confidentialit\u00e9"},"content":{"rendered":"<div data-elementor-type=\"wp-page\" data-elementor-id=\"3\" class=\"elementor elementor-3\" data-elementor-post-type=\"page\">\r\n\t\t\t\t\t\t<section class=\"elementor-section elementor-top-section elementor-element elementor-element-1d849ec1 elementor-section-boxed elementor-section-height-default elementor-section-height-default\" data-id=\"1d849ec1\" data-element_type=\"section\" data-e-type=\"section\">\r\n\t\t\t\t\t\t<div class=\"elementor-container elementor-column-gap-default\">\r\n\t\t\t\t\t<div class=\"elementor-column elementor-col-100 elementor-top-column elementor-element elementor-element-715cdd8f\" data-id=\"715cdd8f\" data-element_type=\"column\" data-e-type=\"column\">\r\n\t\t\t<div class=\"elementor-widget-wrap elementor-element-populated\">\r\n\t\t\t\t\t\t<div class=\"elementor-element elementor-element-b20d651 elementor-widget elementor-widget-heading\" data-id=\"b20d651\" data-element_type=\"widget\" data-e-type=\"widget\" data-widget_type=\"heading.default\">\r\n\t\t\t\t<div class=\"elementor-widget-container\">\r\n\t\t\t\t\t<h2 class=\"elementor-heading-title elementor-size-default\">Politique de confidentialit\u00e9<\/h2>\t\t\t\t<\/div>\r\n\t\t\t\t<\/div>\r\n\t\t\t\t<div class=\"elementor-element elementor-element-3753444b elementor-widget elementor-widget-text-editor\" data-id=\"3753444b\" data-element_type=\"widget\" data-e-type=\"widget\" data-widget_type=\"text-editor.default\">\r\n\t\t\t\t<div class=\"elementor-widget-container\">\r\n\t\t\t\t\t\t\t\t\t<p><strong>Qui sommes-nous ?<\/strong><\/p><p>L'adresse de notre site web est la suivante : https:\/\/new.nadiafryevents.com, puis \u201cSite\u201d.<\/p><p><strong>Quelles sont les donn\u00e9es personnelles que nous recueillons et pourquoi nous les recueillons ?<\/strong><\/p><p>Derni\u00e8re mise \u00e0 jour : 10.08.2022.<\/p><p>Nous exploitons le site https:\/\/new.nadiafryevents.com (le \u201csite\u201d). Cette page vous informe de nos politiques concernant la collecte, l'utilisation et la divulgation des informations personnelles que nous recevons des utilisateurs du site.<\/p><p>Nous utilisons vos informations personnelles uniquement pour fournir et am\u00e9liorer le site, permettre les achats et vous livrer les articles achet\u00e9s. En utilisant le site, vous acceptez la collecte et l'utilisation des informations conform\u00e9ment \u00e0 la pr\u00e9sente politique.<\/p><p><strong>Collecte et utilisation des informations<\/strong><\/p><p>Lors de l'utilisation de notre site, nous pouvons vous demander de nous fournir certaines informations personnellement identifiables qui peuvent \u00eatre utilis\u00e9es pour vous contacter ou vous identifier. Les informations personnellement identifiables peuvent inclure, sans s'y limiter, votre nom (\u201cinformations personnelles\u201d).<\/p><p>Les donn\u00e9es que vous saisissez sont prot\u00e9g\u00e9es par notre certificat SSL qui se trouve sur notre site. Nous s\u00e9curisons ainsi notre plateforme contre les cyber-attaques.<\/p><p>Nous enregistrons votre date dans notre syst\u00e8me sans tenir compte des fronti\u00e8res temporelles. Si vous souhaitez que nous supprimions vos coordonn\u00e9es de notre liste de clients ou de notre base de donn\u00e9es, veuillez nous contacter s\u00e9par\u00e9ment en nous \u00e9crivant par courrier \u00e9lectronique.<\/p><p>Nous ne divulguons pas vos donn\u00e9es \u00e0 des tiers. Sauf si nous y sommes contraints par la loi ou si nous les utilisons pour prot\u00e9ger le site.<\/p><p><strong>Bulletin d'information et adh\u00e9sion<\/strong><\/p><p>Nous vous offrons la possibilit\u00e9 de vous inscrire pour recevoir nos nouvelles marketing et nos offres int\u00e9ressantes. Nous vous enverrons des courriels uniquement si vous avez coch\u00e9 \u00e0 un endroit quelconque de notre site que vous souhaitez recevoir des nouvelles et des mises \u00e0 jour. Pour les lettres d'information, nous utilisons les services de Mailchimp, dont vous pouvez consulter la politique de confidentialit\u00e9. <a href=\"https:\/\/mailchimp.com\/\" target=\"_blank\" rel=\"noopener\">ici<\/a>.<\/p><p><strong>Donn\u00e9es du journal<\/strong><\/p><p>Comme de nombreux op\u00e9rateurs de sites, nous collectons des informations que votre navigateur envoie lorsque vous visitez notre site (\u201cdonn\u00e9es de connexion \/ cookies\u201d).<\/p><p>Ces donn\u00e9es de journal peuvent inclure des informations telles que l'adresse de protocole Internet (\u201cIP\u201d) de votre ordinateur, le type de navigateur, la version du navigateur, les pages de notre site que vous visitez, l'heure et la date de votre visite, le temps pass\u00e9 sur ces pages et d'autres statistiques.<\/p><p>En outre, nous pouvons utiliser des services tiers tels que Google Analytics qui collectent, contr\u00f4lent et analysent les performances de ce site afin d'am\u00e9liorer votre exp\u00e9rience.<\/p><p>Vous pouvez toujours vous d\u00e9sabonner de nos nouvelles en utilisant le lien \"Se d\u00e9sabonner\" qui se trouve \u00e0 n'importe quel endroit dans nos courriels de marketing.<\/p><p><strong>Formulaires de contact<\/strong><\/p><p>Si vous avez rempli l'un des formulaires de contact de notre site web ou si vous nous avez envoy\u00e9 un courrier \u00e9lectronique manuellement, nous conservons le droit de vous r\u00e9pondre, de r\u00e9pondre \u00e0 vos questions et \u00e0 vos pr\u00e9occupations. En remplissant l'un des formulaires, vous acceptez la pr\u00e9sente politique de confidentialit\u00e9.<\/p><p><strong>Cookies<\/strong><\/p><p>Les cookies sont des fichiers contenant une petite quantit\u00e9 de donn\u00e9es, qui peuvent inclure un identifiant unique anonyme. Les cookies sont envoy\u00e9s \u00e0 votre navigateur par un site web et stock\u00e9s sur le disque dur de votre ordinateur.<\/p><p>Comme de nombreux sites, nous utilisons des \u201ccookies\u201d pour collecter des informations. Vous pouvez configurer votre navigateur pour qu'il refuse tous les cookies ou pour qu'il vous indique quand un cookie est envoy\u00e9. Toutefois, si vous n'acceptez pas les cookies, il se peut que vous ne puissiez pas utiliser certaines parties de notre site.<\/p><p>Nous utilisons Google Analytics pour am\u00e9liorer l'utilisation du site et accro\u00eetre la satisfaction des utilisateurs du site. Nous ne suivons en aucun cas vos donn\u00e9es priv\u00e9es, mais seulement les cookies, tout comme nous collectons des informations sur les statistiques, les visites de pages, le temps pass\u00e9 sur le site et d'autres donn\u00e9es. Pour en savoir plus sur le fonctionnement de Google Analytics, veuillez consulter leur politique de confidentialit\u00e9.\u00a0<a href=\"https:\/\/policies.google.com\/privacy\" target=\"_blank\" rel=\"noopener\">ici<\/a>.<\/p><p><strong>S\u00e9curit\u00e9<\/strong><\/p><p>La s\u00e9curit\u00e9 de vos informations personnelles est importante pour nous, mais n'oubliez pas qu'aucune m\u00e9thode de transmission sur Internet ou de stockage \u00e9lectronique n'est s\u00fbre. Bien que nous nous efforcions d'utiliser des moyens commercialement acceptables pour prot\u00e9ger vos informations personnelles, nous ne pouvons pas garantir leur s\u00e9curit\u00e9 absolue.<\/p><p><strong>Modifications de la pr\u00e9sente politique de confidentialit\u00e9<\/strong><\/p><p>La pr\u00e9sente politique de confidentialit\u00e9 entre en vigueur le q0.08.2022 et le restera, sauf en ce qui concerne les modifications futures de ses dispositions, qui entreront en vigueur imm\u00e9diatement apr\u00e8s leur publication sur cette page.<\/p><p>Nous nous r\u00e9servons le droit de mettre \u00e0 jour ou de modifier notre politique de protection de la vie priv\u00e9e \u00e0 tout moment et nous vous conseillons de la consulter r\u00e9guli\u00e8rement. En continuant \u00e0 utiliser le service apr\u00e8s la publication de toute modification de la politique de confidentialit\u00e9 sur cette page, vous reconnaissez les modifications et acceptez de vous conformer et d'\u00eatre li\u00e9 par la politique de confidentialit\u00e9 modifi\u00e9e.<\/p><p>Si nous apportons des modifications importantes \u00e0 la pr\u00e9sente politique de confidentialit\u00e9, nous vous en informerons soit par l'interm\u00e9diaire de l'adresse \u00e9lectronique que vous nous avez fournie, soit en pla\u00e7ant un avis bien visible sur notre site web.<\/p><p><strong>Nous contacter<\/strong><\/p><p>FRY GLOBAL Reg. No. 89540402800014 No. de TVA FR20895404028 Adresse : &gt;137, che Eugene Grec 067790, Aspremont, France<\/p><p>Contact en personne :<\/p><p>nadia@nadiafryevents.com +33662407169<\/p>\t\t\t\t\t\t\t\t<\/div>\r\n\t\t\t\t<\/div>\r\n\t\t\t\t\t<\/div>\r\n\t\t<\/div>\r\n\t\t\t\t\t<\/div>\r\n\t\t<\/section>\r\n\t\t\t\t<\/div>","protected":false},"excerpt":{"rendered":"<p>Privacy Policy Who We Are Our website address is: https:\/\/new.nadiafryevents.com, further \u201cSite\u201d. What Personal Data We Collect And Why We Collect It Last updated: 10.08.2022. We operate https:\/\/new.nadiafryevents.com\u00a0(the \u201cSite\u201d). This page informs you of our policies regarding the collection, use and disclosure of Personal Information we receive from users of the Site. We use your [&hellip;]<\/p>\n","protected":false},"author":1,"featured_media":0,"parent":0,"menu_order":0,"comment_status":"closed","ping_status":"closed","template":"","meta":{"footnotes":""},"class_list":["post-3","page","type-page","status-publish","hentry"],"_links":{"self":[{"href":"https:\/\/nadiafryevents.com\/fr\/wp-json\/wp\/v2\/pages\/3","targetHints":{"allow":["GET"]}}],"collection":[{"href":"https:\/\/nadiafryevents.com\/fr\/wp-json\/wp\/v2\/pages"}],"about":[{"href":"https:\/\/nadiafryevents.com\/fr\/wp-json\/wp\/v2\/types\/page"}],"author":[{"embeddable":true,"href":"https:\/\/nadiafryevents.com\/fr\/wp-json\/wp\/v2\/users\/1"}],"replies":[{"embeddable":true,"href":"https:\/\/nadiafryevents.com\/fr\/wp-json\/wp\/v2\/comments?post=3"}],"version-history":[{"count":6,"href":"https:\/\/nadiafryevents.com\/fr\/wp-json\/wp\/v2\/pages\/3\/revisions"}],"predecessor-version":[{"id":4724,"href":"https:\/\/nadiafryevents.com\/fr\/wp-json\/wp\/v2\/pages\/3\/revisions\/4724"}],"wp:attachment":[{"href":"https:\/\/nadiafryevents.com\/fr\/wp-json\/wp\/v2\/media?parent=3"}],"curies":[{"name":"wp","href":"https:\/\/api.w.org\/{rel}","templated":true}]}}